{"id":2,"date":"2013-11-06T11:55:36","date_gmt":"2013-11-06T14:55:36","guid":{"rendered":"https:\/\/intervencionesconstructivas.com.ar\/web\/\/?page_id=2"},"modified":"2025-10-16T15:59:05","modified_gmt":"2025-10-16T18:59:05","slug":"inicio","status":"publish","type":"page","link":"https:\/\/intervencionesconstructivas.com.ar\/web\/","title":{"rendered":"Inicio"},"content":{"rendered":"<div class=\"wpb-content-wrapper\"><p>[vc_row full_width=\u00bbstretch_row\u00bb equal_height=\u00bbyes\u00bb css=\u00bb.vc_custom_1734747315269{margin-top: 0px !important;margin-bottom: 0px !important;padding-top: 40px !important;padding-right: 8% !important;padding-bottom: 50px !important;padding-left: 8% !important;background-color: #F4CB07 !important;background-position: 0 0 !important;background-repeat: repeat !important;}\u00bb][vc_column][vc_row_inner equal_height=\u00bbyes\u00bb content_placement=\u00bbmiddle\u00bb el_class=\u00bbsombra\u00bb css=\u00bb.vc_custom_1734745095319{margin-bottom: 60px !important;}\u00bb][vc_column_inner width=\u00bb1\/2&#8243; css=\u00bb.vc_custom_1734748786185{padding-top: 0px !important;padding-right: 0px !important;padding-bottom: 0px !important;padding-left: 0px !important;background-color: #ffffff !important;background-position: 0 0 !important;background-repeat: repeat !important;}\u00bb][vc_single_image image=\u00bb122&#8243; img_size=\u00bbfull\u00bb alignment=\u00bbcenter\u00bb css=\u00bb.vc_custom_1734960750977{margin-top: 0px !important;margin-right: 0px !important;margin-bottom: 0px !important;margin-left: 0px !important;padding-top: 0px !important;padding-right: 0px !important;padding-bottom: 0px !important;padding-left: 0px !important;}\u00bb][\/vc_column_inner][vc_column_inner width=\u00bb1\/2&#8243; css=\u00bb.vc_custom_1734747301902{padding-top: 40px !important;padding-right: 40px !important;padding-bottom: 40px !important;padding-left: 40px !important;background-color: #000000 !important;}\u00bb][vc_custom_heading text=\u00bbINTERVENCIONES CONSTRUCTIVAS\u00bb font_container=\u00bbtag:h2|text_align:center|color:%23ffffff\u00bb use_theme_fonts=\u00bbyes\u00bb css=\u00bb\u00bb][vc_empty_space height=\u00bb15px\u00bb][vc_column_text css=\u00bb\u00bb]<\/p>\n<p style=\"text-align: center;\"><strong>Coordinaci\u00f3n de trabajos edilicios y mantenimiento general. Soluciones t\u00e9cnicas y mejoras constructivas a traves de un enfoque integral y profesional.<\/strong><\/p>\n<p style=\"text-align: center;\">Reformas | Alba\u00f1iler\u00eda | Eletricidad | Plomer\u00eda | Pintura | Herrer\u00eda | Interiorismo | Impermeabilizaciones<\/p>\n<p>[\/vc_column_text][vc_column_text css=\u00bb\u00bb]<\/p>\n<p style=\"text-align: center;\"><strong>WhatsApp:<\/strong> 3415721218<br \/>\n<strong>Correo:<\/strong> info@intervencionesconstructivas.com.ar<\/p>\n<p>[\/vc_column_text][vc_icon icon_fontawesome=\u00bbfab fa-instagram\u00bb color=\u00bbwhite\u00bb size=\u00bblg\u00bb align=\u00bbcenter\u00bb css=\u00bb\u00bb link=\u00bburl:https%3A%2F%2Fwww.instagram.com%2Fintervencionesconstructivas%2F|target:_blank\u00bb][\/vc_column_inner][\/vc_row_inner][\/vc_column][\/vc_row][vc_row css=\u00bb.vc_custom_1734747322483{padding-top: 40px !important;padding-right: 8% !important;padding-bottom: 50px !important;padding-left: 8% !important;background-color: #000000 !important;background-position: 0 0 !important;background-repeat: repeat !important;}\u00bb][vc_column][vc_raw_html css=\u00bb\u00bb]JTVCaW5zdGFncmFtLWZlZWQlMjBmZWVkJTNENCU1RA==[\/vc_raw_html][\/vc_column][\/vc_row]<\/p>\n<\/div>","protected":false},"excerpt":{"rendered":"<p>[vc_row full_width=\u00bbstretch_row\u00bb equal_height=\u00bbyes\u00bb css=\u00bb.vc_custom_1734747315269{margin-top: 0px !important;margin-bottom: 0px !important;padding-top: 40px !important;padding-right: 8% !important;padding-bottom: 50px !important;padding-left: 8% !important;background-color: #F4CB07 !important;background-position: 0 0 !important;background-repeat: repeat !important;}\u00bb][vc_column][vc_row_inner equal_height=\u00bbyes\u00bb content_placement=\u00bbmiddle\u00bb el_class=\u00bbsombra\u00bb css=\u00bb.vc_custom_1734745095319{margin-bottom: 60px !important;}\u00bb][vc_column_inner width=\u00bb1\/2&#8243; css=\u00bb.vc_custom_1734748786185{padding-top: 0px !important;padding-right: 0px !important;padding-bottom: 0px !important;padding-left: 0px !important;background-color: #ffffff !important;background-position: 0 0 !important;background-repeat: repeat !important;}\u00bb][vc_single_image image=\u00bb122&#8243; img_size=\u00bbfull\u00bb alignment=\u00bbcenter\u00bb css=\u00bb.vc_custom_1734960750977{margin-top: 0px !important;margin-right: 0px !important;margin-bottom: 0px [&hellip;]<\/p>\n","protected":false},"author":2,"featured_media":0,"parent":0,"menu_order":0,"comment_status":"open","ping_status":"closed","template":"..\/public\/views\/revslider-page-template.php","meta":{"footnotes":""},"class_list":["post-2","page","type-page","status-publish","hentry"],"_links":{"self":[{"href":"https:\/\/intervencionesconstructivas.com.ar\/web\/wp-json\/wp\/v2\/pages\/2","targetHints":{"allow":["GET"]}}],"collection":[{"href":"https:\/\/intervencionesconstructivas.com.ar\/web\/wp-json\/wp\/v2\/pages"}],"about":[{"href":"https:\/\/intervencionesconstructivas.com.ar\/web\/wp-json\/wp\/v2\/types\/page"}],"author":[{"embeddable":true,"href":"https:\/\/intervencionesconstructivas.com.ar\/web\/wp-json\/wp\/v2\/users\/2"}],"replies":[{"embeddable":true,"href":"https:\/\/intervencionesconstructivas.com.ar\/web\/wp-json\/wp\/v2\/comments?post=2"}],"version-history":[{"count":30,"href":"https:\/\/intervencionesconstructivas.com.ar\/web\/wp-json\/wp\/v2\/pages\/2\/revisions"}],"predecessor-version":[{"id":131,"href":"https:\/\/intervencionesconstructivas.com.ar\/web\/wp-json\/wp\/v2\/pages\/2\/revisions\/131"}],"wp:attachment":[{"href":"https:\/\/intervencionesconstructivas.com.ar\/web\/wp-json\/wp\/v2\/media?parent=2"}],"curies":[{"name":"wp","href":"https:\/\/api.w.org\/{rel}","templated":true}]}}